{"id":65,"date":"2026-02-11T10:45:35","date_gmt":"2026-02-11T10:45:35","guid":{"rendered":"https:\/\/deltalivings.com\/?page_id=65"},"modified":"2026-02-22T19:27:15","modified_gmt":"2026-02-22T19:27:15","slug":"exclusive-rooftop-developments","status":"publish","type":"page","link":"https:\/\/deltalivings.com\/hu\/exclusive-rooftop-developments\/","title":{"rendered":"Exkluz\u00edv tet\u0151t\u00e9ri beruh\u00e1z\u00e1sok"},"content":{"rendered":"<p>Szakter\u00fclet\u00fcnk a v\u00e1ros l\u00e1tk\u00e9p\u00e9nek megemel\u00e9se. Budapest legkiemelked\u0151bb t\u00f6rt\u00e9nelmi \u00e9p\u00fcletei legfels\u0151 emeleteinek megv\u00e1s\u00e1rl\u00e1s\u00e1val olyan modern luxus tet\u0151t\u00e9ri rezidenci\u00e1kat alak\u00edtunk ki, amelyek \u00f6tv\u00f6zik a klasszikus \u00e9p\u00edt\u00e9szeti \u00f6r\u00f6ks\u00e9get a modern eleganci\u00e1val.<\/p>","protected":false},"excerpt":{"rendered":"<p>Szakter\u00fclet\u00fcnk a v\u00e1ros l\u00e1tk\u00e9p\u00e9nek megemel\u00e9se. Budapest legkiemelked\u0151bb t\u00f6rt\u00e9nelmi \u00e9p\u00fcletei legfels\u0151 emeleteinek megv\u00e1s\u00e1rl\u00e1s\u00e1val olyan modern luxus tet\u0151t\u00e9ri rezidenci\u00e1kat alak\u00edtunk ki, amelyek \u00f6tv\u00f6zik a klasszikus \u00e9p\u00edt\u00e9szeti \u00f6r\u00f6ks\u00e9get a modern eleganci\u00e1val.<\/p>","protected":false},"author":1,"featured_media":179,"parent":0,"menu_order":0,"comment_status":"closed","ping_status":"closed","template":"page-templates\/projects.php","meta":{"_acf_changed":false,"footnotes":""},"class_list":["post-65","page","type-page","status-publish","has-post-thumbnail","hentry"],"acf":[],"yoast_head":"<!-- This site is optimized with the Yoast SEO plugin v27.2 - https:\/\/yoast.com\/product\/yoast-seo-wordpress\/ -->\n<title>Exclusive Rooftop Developments - Delta Livings<\/title>\n<meta name=\"robots\" content=\"index, follow, max-snippet:-1, max-image-preview:large, max-video-preview:-1\" \/>\n<link rel=\"canonical\" href=\"https:\/\/deltalivings.com\/hu\/exclusive-rooftop-developments\/\" \/>\n<meta property=\"og:locale\" content=\"hu_HU\" \/>\n<meta property=\"og:type\" content=\"article\" \/>\n<meta property=\"og:title\" content=\"Exclusive Rooftop Developments - Delta Livings\" \/>\n<meta property=\"og:description\" content=\"We specialize in elevating the city&#8217;s skyline. By acquiring the top floors of Budapest\u2019s most prominent historical buildings, we develop state-of-the-art luxury rooftop residences that blend classic architectural heritage with modern elegance.\" \/>\n<meta property=\"og:url\" content=\"https:\/\/deltalivings.com\/hu\/exclusive-rooftop-developments\/\" \/>\n<meta property=\"og:site_name\" content=\"Delta Livings\" \/>\n<meta property=\"article:modified_time\" content=\"2026-02-22T19:27:15+00:00\" \/>\n<meta property=\"og:image\" content=\"https:\/\/deltalivings.com\/wp-content\/uploads\/2026\/02\/rooftop-renovation.webp\" \/>\n\t<meta property=\"og:image:width\" content=\"1312\" \/>\n\t<meta property=\"og:image:height\" content=\"736\" \/>\n\t<meta property=\"og:image:type\" content=\"image\/webp\" \/>\n<meta name=\"twitter:card\" content=\"summary_large_image\" \/>\n<script type=\"application\/ld+json\" class=\"yoast-schema-graph\">{\"@context\":\"https:\/\/schema.org\",\"@graph\":[{\"@type\":\"WebPage\",\"@id\":\"https:\/\/deltalivings.com\/exclusive-rooftop-developments\/\",\"url\":\"https:\/\/deltalivings.com\/exclusive-rooftop-developments\/\",\"name\":\"Exclusive Rooftop Developments - Delta Livings\",\"isPartOf\":{\"@id\":\"https:\/\/deltalivings.com\/#website\"},\"primaryImageOfPage\":{\"@id\":\"https:\/\/deltalivings.com\/exclusive-rooftop-developments\/#primaryimage\"},\"image\":{\"@id\":\"https:\/\/deltalivings.com\/exclusive-rooftop-developments\/#primaryimage\"},\"thumbnailUrl\":\"https:\/\/deltalivings.com\/wp-content\/uploads\/2026\/02\/rooftop-renovation.webp\",\"datePublished\":\"2026-02-11T10:45:35+00:00\",\"dateModified\":\"2026-02-22T19:27:15+00:00\",\"breadcrumb\":{\"@id\":\"https:\/\/deltalivings.com\/exclusive-rooftop-developments\/#breadcrumb\"},\"inLanguage\":\"hu-HU\",\"potentialAction\":[{\"@type\":\"ReadAction\",\"target\":[\"https:\/\/deltalivings.com\/exclusive-rooftop-developments\/\"]}]},{\"@type\":\"ImageObject\",\"inLanguage\":\"hu-HU\",\"@id\":\"https:\/\/deltalivings.com\/exclusive-rooftop-developments\/#primaryimage\",\"url\":\"https:\/\/deltalivings.com\/wp-content\/uploads\/2026\/02\/rooftop-renovation.webp\",\"contentUrl\":\"https:\/\/deltalivings.com\/wp-content\/uploads\/2026\/02\/rooftop-renovation.webp\",\"width\":1312,\"height\":736},{\"@type\":\"BreadcrumbList\",\"@id\":\"https:\/\/deltalivings.com\/exclusive-rooftop-developments\/#breadcrumb\",\"itemListElement\":[{\"@type\":\"ListItem\",\"position\":1,\"name\":\"Home\",\"item\":\"https:\/\/deltalivings.com\/\"},{\"@type\":\"ListItem\",\"position\":2,\"name\":\"Exclusive Rooftop Developments\"}]},{\"@type\":\"WebSite\",\"@id\":\"https:\/\/deltalivings.com\/#website\",\"url\":\"https:\/\/deltalivings.com\/\",\"name\":\"Delta Livings\",\"description\":\"Deltalivings offers an exclusive gateway to investment opportunities in Budapest, a city hailed as the emerging cultural and historical gem of Europe.\",\"publisher\":{\"@id\":\"https:\/\/deltalivings.com\/#organization\"},\"potentialAction\":[{\"@type\":\"SearchAction\",\"target\":{\"@type\":\"EntryPoint\",\"urlTemplate\":\"https:\/\/deltalivings.com\/?s={search_term_string}\"},\"query-input\":{\"@type\":\"PropertyValueSpecification\",\"valueRequired\":true,\"valueName\":\"search_term_string\"}}],\"inLanguage\":\"hu-HU\"},{\"@type\":\"Organization\",\"@id\":\"https:\/\/deltalivings.com\/#organization\",\"name\":\"Delta Livings\",\"url\":\"https:\/\/deltalivings.com\/\",\"logo\":{\"@type\":\"ImageObject\",\"inLanguage\":\"hu-HU\",\"@id\":\"https:\/\/deltalivings.com\/#\/schema\/logo\/image\/\",\"url\":\"https:\/\/deltalivings.com\/wp-content\/uploads\/2026\/02\/deltalivings-logo-white.png\",\"contentUrl\":\"https:\/\/deltalivings.com\/wp-content\/uploads\/2026\/02\/deltalivings-logo-white.png\",\"width\":1015,\"height\":250,\"caption\":\"Delta Livings\"},\"image\":{\"@id\":\"https:\/\/deltalivings.com\/#\/schema\/logo\/image\/\"}}]}<\/script>\n<!-- \/ Yoast SEO plugin. -->","yoast_head_json":{"title":"Exclusive Rooftop Developments - Delta Livings","robots":{"index":"index","follow":"follow","max-snippet":"max-snippet:-1","max-image-preview":"max-image-preview:large","max-video-preview":"max-video-preview:-1"},"canonical":"https:\/\/deltalivings.com\/hu\/exclusive-rooftop-developments\/","og_locale":"hu_HU","og_type":"article","og_title":"Exclusive Rooftop Developments - Delta Livings","og_description":"We specialize in elevating the city&#8217;s skyline. By acquiring the top floors of Budapest\u2019s most prominent historical buildings, we develop state-of-the-art luxury rooftop residences that blend classic architectural heritage with modern elegance.","og_url":"https:\/\/deltalivings.com\/hu\/exclusive-rooftop-developments\/","og_site_name":"Delta Livings","article_modified_time":"2026-02-22T19:27:15+00:00","og_image":[{"width":1312,"height":736,"url":"https:\/\/deltalivings.com\/wp-content\/uploads\/2026\/02\/rooftop-renovation.webp","type":"image\/webp"}],"twitter_card":"summary_large_image","schema":{"@context":"https:\/\/schema.org","@graph":[{"@type":"WebPage","@id":"https:\/\/deltalivings.com\/exclusive-rooftop-developments\/","url":"https:\/\/deltalivings.com\/exclusive-rooftop-developments\/","name":"Exclusive Rooftop Developments - Delta Livings","isPartOf":{"@id":"https:\/\/deltalivings.com\/#website"},"primaryImageOfPage":{"@id":"https:\/\/deltalivings.com\/exclusive-rooftop-developments\/#primaryimage"},"image":{"@id":"https:\/\/deltalivings.com\/exclusive-rooftop-developments\/#primaryimage"},"thumbnailUrl":"https:\/\/deltalivings.com\/wp-content\/uploads\/2026\/02\/rooftop-renovation.webp","datePublished":"2026-02-11T10:45:35+00:00","dateModified":"2026-02-22T19:27:15+00:00","breadcrumb":{"@id":"https:\/\/deltalivings.com\/exclusive-rooftop-developments\/#breadcrumb"},"inLanguage":"hu-HU","potentialAction":[{"@type":"ReadAction","target":["https:\/\/deltalivings.com\/exclusive-rooftop-developments\/"]}]},{"@type":"ImageObject","inLanguage":"hu-HU","@id":"https:\/\/deltalivings.com\/exclusive-rooftop-developments\/#primaryimage","url":"https:\/\/deltalivings.com\/wp-content\/uploads\/2026\/02\/rooftop-renovation.webp","contentUrl":"https:\/\/deltalivings.com\/wp-content\/uploads\/2026\/02\/rooftop-renovation.webp","width":1312,"height":736},{"@type":"BreadcrumbList","@id":"https:\/\/deltalivings.com\/exclusive-rooftop-developments\/#breadcrumb","itemListElement":[{"@type":"ListItem","position":1,"name":"Home","item":"https:\/\/deltalivings.com\/"},{"@type":"ListItem","position":2,"name":"Exclusive Rooftop Developments"}]},{"@type":"WebSite","@id":"https:\/\/deltalivings.com\/#website","url":"https:\/\/deltalivings.com\/","name":"Delta Livings","description":"Deltalivings offers an exclusive gateway to investment opportunities in Budapest, a city hailed as the emerging cultural and historical gem of Europe.","publisher":{"@id":"https:\/\/deltalivings.com\/#organization"},"potentialAction":[{"@type":"SearchAction","target":{"@type":"EntryPoint","urlTemplate":"https:\/\/deltalivings.com\/?s={search_term_string}"},"query-input":{"@type":"PropertyValueSpecification","valueRequired":true,"valueName":"search_term_string"}}],"inLanguage":"hu-HU"},{"@type":"Organization","@id":"https:\/\/deltalivings.com\/#organization","name":"Delta Livings","url":"https:\/\/deltalivings.com\/","logo":{"@type":"ImageObject","inLanguage":"hu-HU","@id":"https:\/\/deltalivings.com\/#\/schema\/logo\/image\/","url":"https:\/\/deltalivings.com\/wp-content\/uploads\/2026\/02\/deltalivings-logo-white.png","contentUrl":"https:\/\/deltalivings.com\/wp-content\/uploads\/2026\/02\/deltalivings-logo-white.png","width":1015,"height":250,"caption":"Delta Livings"},"image":{"@id":"https:\/\/deltalivings.com\/#\/schema\/logo\/image\/"}}]}},"_links":{"self":[{"href":"https:\/\/deltalivings.com\/hu\/wp-json\/wp\/v2\/pages\/65","targetHints":{"allow":["GET"]}}],"collection":[{"href":"https:\/\/deltalivings.com\/hu\/wp-json\/wp\/v2\/pages"}],"about":[{"href":"https:\/\/deltalivings.com\/hu\/wp-json\/wp\/v2\/types\/page"}],"author":[{"embeddable":true,"href":"https:\/\/deltalivings.com\/hu\/wp-json\/wp\/v2\/users\/1"}],"replies":[{"embeddable":true,"href":"https:\/\/deltalivings.com\/hu\/wp-json\/wp\/v2\/comments?post=65"}],"version-history":[{"count":16,"href":"https:\/\/deltalivings.com\/hu\/wp-json\/wp\/v2\/pages\/65\/revisions"}],"predecessor-version":[{"id":191,"href":"https:\/\/deltalivings.com\/hu\/wp-json\/wp\/v2\/pages\/65\/revisions\/191"}],"wp:featuredmedia":[{"embeddable":true,"href":"https:\/\/deltalivings.com\/hu\/wp-json\/wp\/v2\/media\/179"}],"wp:attachment":[{"href":"https:\/\/deltalivings.com\/hu\/wp-json\/wp\/v2\/media?parent=65"}],"curies":[{"name":"wp","href":"https:\/\/api.w.org\/{rel}","templated":true}]}}