{"id":34,"date":"2026-02-08T10:32:56","date_gmt":"2026-02-08T10:32:56","guid":{"rendered":"https:\/\/deltalivings.com\/?page_id=34"},"modified":"2026-02-22T19:52:50","modified_gmt":"2026-02-22T19:52:50","slug":"contact-us","status":"publish","type":"page","link":"https:\/\/deltalivings.com\/hu\/contact-us\/","title":{"rendered":"L\u00e9pjen kapcsolatba vel\u00fcnk"},"content":{"rendered":"<h4>Mi\u00e9rt vegye fel vel\u00fcnk a kapcsolatot?<\/h4>\n<p>A pr\u00e9mium ingatlanok szem\u00e9lyre szabott szolg\u00e1ltat\u00e1st ig\u00e9nyelnek. Ha k\u00f6zvetlen\u00fcl felveszi a kapcsolatot csapatunkkal, biztos\u00edtjuk, hogy megtal\u00e1lja az \u00e9letst\u00edlus\u00e1hoz vagy befektet\u00e9si c\u00e9ljaihoz t\u00f6k\u00e9letesen ill\u0151 ingatlant, mik\u00f6zben a folyamat minden l\u00e9p\u00e9s\u00e9n\u00e9l szem\u00e9lyre szabott \u00fatmutat\u00e1st ny\u00fajtunk.<\/p>","protected":false},"excerpt":{"rendered":"<p>Mi\u00e9rt vegye fel vel\u00fcnk a kapcsolatot? A pr\u00e9mium ingatlanok szem\u00e9lyre szabott szolg\u00e1ltat\u00e1st ig\u00e9nyelnek. Csapatunk k\u00f6zvetlen megkeres\u00e9s\u00e9vel biztos\u00edtjuk, hogy megtal\u00e1lja az \u00e9letst\u00edlus\u00e1nak vagy befektet\u00e9si c\u00e9ljainak megfelel\u0151 ingatlant, mik\u00f6zben minden l\u00e9p\u00e9sn\u00e9l szem\u00e9lyre szabott \u00fatmutat\u00e1st ny\u00fajtunk.<\/p>","protected":false},"author":1,"featured_media":77,"parent":0,"menu_order":0,"comment_status":"closed","ping_status":"closed","template":"page-templates\/contact-us.php","meta":{"_acf_changed":false,"footnotes":""},"class_list":["post-34","page","type-page","status-publish","has-post-thumbnail","hentry"],"acf":[],"yoast_head":"<!-- This site is optimized with the Yoast SEO plugin v27.2 - https:\/\/yoast.com\/product\/yoast-seo-wordpress\/ -->\n<title>Contact Us - Delta Livings<\/title>\n<meta name=\"robots\" content=\"index, follow, max-snippet:-1, max-image-preview:large, max-video-preview:-1\" \/>\n<link rel=\"canonical\" href=\"https:\/\/deltalivings.com\/hu\/contact-us\/\" \/>\n<meta property=\"og:locale\" content=\"hu_HU\" \/>\n<meta property=\"og:type\" content=\"article\" \/>\n<meta property=\"og:title\" content=\"Contact Us - Delta Livings\" \/>\n<meta property=\"og:description\" content=\"Why Contact Us? Premium real estate demands personalized service. By reaching out to our team directly, we ensure you find the perfect property for your lifestyle or investment goals while providing tailored guidance every step of the way.\" \/>\n<meta property=\"og:url\" content=\"https:\/\/deltalivings.com\/hu\/contact-us\/\" \/>\n<meta property=\"og:site_name\" content=\"Delta Livings\" \/>\n<meta property=\"article:modified_time\" content=\"2026-02-22T19:52:50+00:00\" \/>\n<meta property=\"og:image\" content=\"https:\/\/deltalivings.com\/wp-content\/uploads\/2026\/02\/a37a5a_128182e950fb43caa847a62a19c69028mv2.jpg\" \/>\n\t<meta property=\"og:image:width\" content=\"1707\" \/>\n\t<meta property=\"og:image:height\" content=\"960\" \/>\n\t<meta property=\"og:image:type\" content=\"image\/jpeg\" \/>\n<meta name=\"twitter:card\" content=\"summary_large_image\" \/>\n<script type=\"application\/ld+json\" class=\"yoast-schema-graph\">{\"@context\":\"https:\/\/schema.org\",\"@graph\":[{\"@type\":\"WebPage\",\"@id\":\"https:\/\/deltalivings.com\/contact-us\/\",\"url\":\"https:\/\/deltalivings.com\/contact-us\/\",\"name\":\"Contact Us - Delta Livings\",\"isPartOf\":{\"@id\":\"https:\/\/deltalivings.com\/#website\"},\"primaryImageOfPage\":{\"@id\":\"https:\/\/deltalivings.com\/contact-us\/#primaryimage\"},\"image\":{\"@id\":\"https:\/\/deltalivings.com\/contact-us\/#primaryimage\"},\"thumbnailUrl\":\"https:\/\/deltalivings.com\/wp-content\/uploads\/2026\/02\/a37a5a_128182e950fb43caa847a62a19c69028mv2.jpg\",\"datePublished\":\"2026-02-08T10:32:56+00:00\",\"dateModified\":\"2026-02-22T19:52:50+00:00\",\"breadcrumb\":{\"@id\":\"https:\/\/deltalivings.com\/contact-us\/#breadcrumb\"},\"inLanguage\":\"hu-HU\",\"potentialAction\":[{\"@type\":\"ReadAction\",\"target\":[\"https:\/\/deltalivings.com\/contact-us\/\"]}]},{\"@type\":\"ImageObject\",\"inLanguage\":\"hu-HU\",\"@id\":\"https:\/\/deltalivings.com\/contact-us\/#primaryimage\",\"url\":\"https:\/\/deltalivings.com\/wp-content\/uploads\/2026\/02\/a37a5a_128182e950fb43caa847a62a19c69028mv2.jpg\",\"contentUrl\":\"https:\/\/deltalivings.com\/wp-content\/uploads\/2026\/02\/a37a5a_128182e950fb43caa847a62a19c69028mv2.jpg\",\"width\":1707,\"height\":960},{\"@type\":\"BreadcrumbList\",\"@id\":\"https:\/\/deltalivings.com\/contact-us\/#breadcrumb\",\"itemListElement\":[{\"@type\":\"ListItem\",\"position\":1,\"name\":\"Home\",\"item\":\"https:\/\/deltalivings.com\/\"},{\"@type\":\"ListItem\",\"position\":2,\"name\":\"Contact Us\"}]},{\"@type\":\"WebSite\",\"@id\":\"https:\/\/deltalivings.com\/#website\",\"url\":\"https:\/\/deltalivings.com\/\",\"name\":\"Delta Livings\",\"description\":\"Deltalivings offers an exclusive gateway to investment opportunities in Budapest, a city hailed as the emerging cultural and historical gem of Europe.\",\"publisher\":{\"@id\":\"https:\/\/deltalivings.com\/#organization\"},\"potentialAction\":[{\"@type\":\"SearchAction\",\"target\":{\"@type\":\"EntryPoint\",\"urlTemplate\":\"https:\/\/deltalivings.com\/?s={search_term_string}\"},\"query-input\":{\"@type\":\"PropertyValueSpecification\",\"valueRequired\":true,\"valueName\":\"search_term_string\"}}],\"inLanguage\":\"hu-HU\"},{\"@type\":\"Organization\",\"@id\":\"https:\/\/deltalivings.com\/#organization\",\"name\":\"Delta Livings\",\"url\":\"https:\/\/deltalivings.com\/\",\"logo\":{\"@type\":\"ImageObject\",\"inLanguage\":\"hu-HU\",\"@id\":\"https:\/\/deltalivings.com\/#\/schema\/logo\/image\/\",\"url\":\"https:\/\/deltalivings.com\/wp-content\/uploads\/2026\/02\/deltalivings-logo-white.png\",\"contentUrl\":\"https:\/\/deltalivings.com\/wp-content\/uploads\/2026\/02\/deltalivings-logo-white.png\",\"width\":1015,\"height\":250,\"caption\":\"Delta Livings\"},\"image\":{\"@id\":\"https:\/\/deltalivings.com\/#\/schema\/logo\/image\/\"}}]}<\/script>\n<!-- \/ Yoast SEO plugin. -->","yoast_head_json":{"title":"Contact Us - Delta Livings","robots":{"index":"index","follow":"follow","max-snippet":"max-snippet:-1","max-image-preview":"max-image-preview:large","max-video-preview":"max-video-preview:-1"},"canonical":"https:\/\/deltalivings.com\/hu\/contact-us\/","og_locale":"hu_HU","og_type":"article","og_title":"Contact Us - Delta Livings","og_description":"Why Contact Us? Premium real estate demands personalized service. By reaching out to our team directly, we ensure you find the perfect property for your lifestyle or investment goals while providing tailored guidance every step of the way.","og_url":"https:\/\/deltalivings.com\/hu\/contact-us\/","og_site_name":"Delta Livings","article_modified_time":"2026-02-22T19:52:50+00:00","og_image":[{"width":1707,"height":960,"url":"https:\/\/deltalivings.com\/wp-content\/uploads\/2026\/02\/a37a5a_128182e950fb43caa847a62a19c69028mv2.jpg","type":"image\/jpeg"}],"twitter_card":"summary_large_image","schema":{"@context":"https:\/\/schema.org","@graph":[{"@type":"WebPage","@id":"https:\/\/deltalivings.com\/contact-us\/","url":"https:\/\/deltalivings.com\/contact-us\/","name":"Contact Us - Delta Livings","isPartOf":{"@id":"https:\/\/deltalivings.com\/#website"},"primaryImageOfPage":{"@id":"https:\/\/deltalivings.com\/contact-us\/#primaryimage"},"image":{"@id":"https:\/\/deltalivings.com\/contact-us\/#primaryimage"},"thumbnailUrl":"https:\/\/deltalivings.com\/wp-content\/uploads\/2026\/02\/a37a5a_128182e950fb43caa847a62a19c69028mv2.jpg","datePublished":"2026-02-08T10:32:56+00:00","dateModified":"2026-02-22T19:52:50+00:00","breadcrumb":{"@id":"https:\/\/deltalivings.com\/contact-us\/#breadcrumb"},"inLanguage":"hu-HU","potentialAction":[{"@type":"ReadAction","target":["https:\/\/deltalivings.com\/contact-us\/"]}]},{"@type":"ImageObject","inLanguage":"hu-HU","@id":"https:\/\/deltalivings.com\/contact-us\/#primaryimage","url":"https:\/\/deltalivings.com\/wp-content\/uploads\/2026\/02\/a37a5a_128182e950fb43caa847a62a19c69028mv2.jpg","contentUrl":"https:\/\/deltalivings.com\/wp-content\/uploads\/2026\/02\/a37a5a_128182e950fb43caa847a62a19c69028mv2.jpg","width":1707,"height":960},{"@type":"BreadcrumbList","@id":"https:\/\/deltalivings.com\/contact-us\/#breadcrumb","itemListElement":[{"@type":"ListItem","position":1,"name":"Home","item":"https:\/\/deltalivings.com\/"},{"@type":"ListItem","position":2,"name":"Contact Us"}]},{"@type":"WebSite","@id":"https:\/\/deltalivings.com\/#website","url":"https:\/\/deltalivings.com\/","name":"Delta Livings","description":"Deltalivings offers an exclusive gateway to investment opportunities in Budapest, a city hailed as the emerging cultural and historical gem of Europe.","publisher":{"@id":"https:\/\/deltalivings.com\/#organization"},"potentialAction":[{"@type":"SearchAction","target":{"@type":"EntryPoint","urlTemplate":"https:\/\/deltalivings.com\/?s={search_term_string}"},"query-input":{"@type":"PropertyValueSpecification","valueRequired":true,"valueName":"search_term_string"}}],"inLanguage":"hu-HU"},{"@type":"Organization","@id":"https:\/\/deltalivings.com\/#organization","name":"Delta Livings","url":"https:\/\/deltalivings.com\/","logo":{"@type":"ImageObject","inLanguage":"hu-HU","@id":"https:\/\/deltalivings.com\/#\/schema\/logo\/image\/","url":"https:\/\/deltalivings.com\/wp-content\/uploads\/2026\/02\/deltalivings-logo-white.png","contentUrl":"https:\/\/deltalivings.com\/wp-content\/uploads\/2026\/02\/deltalivings-logo-white.png","width":1015,"height":250,"caption":"Delta Livings"},"image":{"@id":"https:\/\/deltalivings.com\/#\/schema\/logo\/image\/"}}]}},"_links":{"self":[{"href":"https:\/\/deltalivings.com\/hu\/wp-json\/wp\/v2\/pages\/34","targetHints":{"allow":["GET"]}}],"collection":[{"href":"https:\/\/deltalivings.com\/hu\/wp-json\/wp\/v2\/pages"}],"about":[{"href":"https:\/\/deltalivings.com\/hu\/wp-json\/wp\/v2\/types\/page"}],"author":[{"embeddable":true,"href":"https:\/\/deltalivings.com\/hu\/wp-json\/wp\/v2\/users\/1"}],"replies":[{"embeddable":true,"href":"https:\/\/deltalivings.com\/hu\/wp-json\/wp\/v2\/comments?post=34"}],"version-history":[{"count":4,"href":"https:\/\/deltalivings.com\/hu\/wp-json\/wp\/v2\/pages\/34\/revisions"}],"predecessor-version":[{"id":193,"href":"https:\/\/deltalivings.com\/hu\/wp-json\/wp\/v2\/pages\/34\/revisions\/193"}],"wp:featuredmedia":[{"embeddable":true,"href":"https:\/\/deltalivings.com\/hu\/wp-json\/wp\/v2\/media\/77"}],"wp:attachment":[{"href":"https:\/\/deltalivings.com\/hu\/wp-json\/wp\/v2\/media?parent=34"}],"curies":[{"name":"wp","href":"https:\/\/api.w.org\/{rel}","templated":true}]}}