{"id":2,"date":"2025-07-02T11:30:30","date_gmt":"2025-07-02T11:30:30","guid":{"rendered":"https:\/\/deltalivings.com\/?page_id=2"},"modified":"2026-02-22T19:25:13","modified_gmt":"2026-02-22T19:25:13","slug":"sample-page","status":"publish","type":"page","link":"https:\/\/deltalivings.com\/hu\/","title":{"rendered":"F\u0151oldal"},"content":{"rendered":"<h1>Az \u00d6n megb\u00edzhat\u00f3 partnere a pr\u00e9mium ingatlanok ter\u00fclet\u00e9n Budapesten<\/h1>\n<p>L\u00e9pjen be a dinamikus budapesti ingatlanpiacra biztons\u00e1gosan, nyeres\u00e9gesen \u00e9s abszol\u00fat magabiztosan.<\/p>","protected":false},"excerpt":{"rendered":"<p>A pr\u00e9mium ingatlanok megb\u00edzhat\u00f3 partnere Budapesten L\u00e9pjen be a dinamikus budapesti ingatlanpiacra biztons\u00e1gosan, nyeres\u00e9gesen \u00e9s abszol\u00fat magabiztosan.<\/p>","protected":false},"author":1,"featured_media":53,"parent":0,"menu_order":0,"comment_status":"closed","ping_status":"open","template":"front-page.php","meta":{"_acf_changed":false,"footnotes":""},"class_list":["post-2","page","type-page","status-publish","has-post-thumbnail","hentry"],"acf":[],"yoast_head":"<!-- This site is optimized with the Yoast SEO plugin v27.2 - https:\/\/yoast.com\/product\/yoast-seo-wordpress\/ -->\n<title>Home - Delta Livings<\/title>\n<meta name=\"robots\" content=\"index, follow, max-snippet:-1, max-image-preview:large, max-video-preview:-1\" \/>\n<link rel=\"canonical\" href=\"https:\/\/deltalivings.com\/hu\/\" \/>\n<meta property=\"og:locale\" content=\"hu_HU\" \/>\n<meta property=\"og:type\" content=\"article\" \/>\n<meta property=\"og:title\" content=\"Home - Delta Livings\" \/>\n<meta property=\"og:description\" content=\"Your Trusted Partner for Premium Real Estate in Budapest Enter the dynamic Budapest real estate market safely, profitably, and with absolute confidence.\" \/>\n<meta property=\"og:url\" content=\"https:\/\/deltalivings.com\/hu\/\" \/>\n<meta property=\"og:site_name\" content=\"Delta Livings\" \/>\n<meta property=\"article:modified_time\" content=\"2026-02-22T19:25:13+00:00\" \/>\n<meta property=\"og:image\" content=\"https:\/\/deltalivings.com\/wp-content\/uploads\/2026\/02\/a37a5a_95553f779fd644deb25bed2f3d381d85mv2.gif\" \/>\n\t<meta property=\"og:image:width\" content=\"1800\" \/>\n\t<meta property=\"og:image:height\" content=\"1075\" \/>\n\t<meta property=\"og:image:type\" content=\"image\/gif\" \/>\n<meta name=\"twitter:card\" content=\"summary_large_image\" \/>\n<script type=\"application\/ld+json\" class=\"yoast-schema-graph\">{\"@context\":\"https:\/\/schema.org\",\"@graph\":[{\"@type\":\"WebPage\",\"@id\":\"https:\/\/deltalivings.com\/\",\"url\":\"https:\/\/deltalivings.com\/\",\"name\":\"Home - Delta Livings\",\"isPartOf\":{\"@id\":\"https:\/\/deltalivings.com\/#website\"},\"primaryImageOfPage\":{\"@id\":\"https:\/\/deltalivings.com\/#primaryimage\"},\"image\":{\"@id\":\"https:\/\/deltalivings.com\/#primaryimage\"},\"thumbnailUrl\":\"https:\/\/deltalivings.com\/wp-content\/uploads\/2026\/02\/a37a5a_95553f779fd644deb25bed2f3d381d85mv2.gif\",\"datePublished\":\"2025-07-02T11:30:30+00:00\",\"dateModified\":\"2026-02-22T19:25:13+00:00\",\"breadcrumb\":{\"@id\":\"https:\/\/deltalivings.com\/#breadcrumb\"},\"inLanguage\":\"hu-HU\",\"potentialAction\":[{\"@type\":\"ReadAction\",\"target\":[\"https:\/\/deltalivings.com\/\"]}]},{\"@type\":\"ImageObject\",\"inLanguage\":\"hu-HU\",\"@id\":\"https:\/\/deltalivings.com\/#primaryimage\",\"url\":\"https:\/\/deltalivings.com\/wp-content\/uploads\/2026\/02\/a37a5a_95553f779fd644deb25bed2f3d381d85mv2.gif\",\"contentUrl\":\"https:\/\/deltalivings.com\/wp-content\/uploads\/2026\/02\/a37a5a_95553f779fd644deb25bed2f3d381d85mv2.gif\",\"width\":1800,\"height\":1075},{\"@type\":\"BreadcrumbList\",\"@id\":\"https:\/\/deltalivings.com\/#breadcrumb\",\"itemListElement\":[{\"@type\":\"ListItem\",\"position\":1,\"name\":\"Home\",\"item\":\"https:\/\/deltalivings.com\/\"},{\"@type\":\"ListItem\",\"position\":2,\"name\":\"Home\"}]},{\"@type\":\"WebSite\",\"@id\":\"https:\/\/deltalivings.com\/#website\",\"url\":\"https:\/\/deltalivings.com\/\",\"name\":\"Delta Livings\",\"description\":\"Deltalivings offers an exclusive gateway to investment opportunities in Budapest, a city hailed as the emerging cultural and historical gem of Europe.\",\"publisher\":{\"@id\":\"https:\/\/deltalivings.com\/#organization\"},\"potentialAction\":[{\"@type\":\"SearchAction\",\"target\":{\"@type\":\"EntryPoint\",\"urlTemplate\":\"https:\/\/deltalivings.com\/?s={search_term_string}\"},\"query-input\":{\"@type\":\"PropertyValueSpecification\",\"valueRequired\":true,\"valueName\":\"search_term_string\"}}],\"inLanguage\":\"hu-HU\"},{\"@type\":\"Organization\",\"@id\":\"https:\/\/deltalivings.com\/#organization\",\"name\":\"Delta Livings\",\"url\":\"https:\/\/deltalivings.com\/\",\"logo\":{\"@type\":\"ImageObject\",\"inLanguage\":\"hu-HU\",\"@id\":\"https:\/\/deltalivings.com\/#\/schema\/logo\/image\/\",\"url\":\"https:\/\/deltalivings.com\/wp-content\/uploads\/2026\/02\/deltalivings-logo-white.png\",\"contentUrl\":\"https:\/\/deltalivings.com\/wp-content\/uploads\/2026\/02\/deltalivings-logo-white.png\",\"width\":1015,\"height\":250,\"caption\":\"Delta Livings\"},\"image\":{\"@id\":\"https:\/\/deltalivings.com\/#\/schema\/logo\/image\/\"}}]}<\/script>\n<!-- \/ Yoast SEO plugin. -->","yoast_head_json":{"title":"Home - Delta Livings","robots":{"index":"index","follow":"follow","max-snippet":"max-snippet:-1","max-image-preview":"max-image-preview:large","max-video-preview":"max-video-preview:-1"},"canonical":"https:\/\/deltalivings.com\/hu\/","og_locale":"hu_HU","og_type":"article","og_title":"Home - Delta Livings","og_description":"Your Trusted Partner for Premium Real Estate in Budapest Enter the dynamic Budapest real estate market safely, profitably, and with absolute confidence.","og_url":"https:\/\/deltalivings.com\/hu\/","og_site_name":"Delta Livings","article_modified_time":"2026-02-22T19:25:13+00:00","og_image":[{"width":1800,"height":1075,"url":"https:\/\/deltalivings.com\/wp-content\/uploads\/2026\/02\/a37a5a_95553f779fd644deb25bed2f3d381d85mv2.gif","type":"image\/gif"}],"twitter_card":"summary_large_image","schema":{"@context":"https:\/\/schema.org","@graph":[{"@type":"WebPage","@id":"https:\/\/deltalivings.com\/","url":"https:\/\/deltalivings.com\/","name":"Home - Delta Livings","isPartOf":{"@id":"https:\/\/deltalivings.com\/#website"},"primaryImageOfPage":{"@id":"https:\/\/deltalivings.com\/#primaryimage"},"image":{"@id":"https:\/\/deltalivings.com\/#primaryimage"},"thumbnailUrl":"https:\/\/deltalivings.com\/wp-content\/uploads\/2026\/02\/a37a5a_95553f779fd644deb25bed2f3d381d85mv2.gif","datePublished":"2025-07-02T11:30:30+00:00","dateModified":"2026-02-22T19:25:13+00:00","breadcrumb":{"@id":"https:\/\/deltalivings.com\/#breadcrumb"},"inLanguage":"hu-HU","potentialAction":[{"@type":"ReadAction","target":["https:\/\/deltalivings.com\/"]}]},{"@type":"ImageObject","inLanguage":"hu-HU","@id":"https:\/\/deltalivings.com\/#primaryimage","url":"https:\/\/deltalivings.com\/wp-content\/uploads\/2026\/02\/a37a5a_95553f779fd644deb25bed2f3d381d85mv2.gif","contentUrl":"https:\/\/deltalivings.com\/wp-content\/uploads\/2026\/02\/a37a5a_95553f779fd644deb25bed2f3d381d85mv2.gif","width":1800,"height":1075},{"@type":"BreadcrumbList","@id":"https:\/\/deltalivings.com\/#breadcrumb","itemListElement":[{"@type":"ListItem","position":1,"name":"Home","item":"https:\/\/deltalivings.com\/"},{"@type":"ListItem","position":2,"name":"Home"}]},{"@type":"WebSite","@id":"https:\/\/deltalivings.com\/#website","url":"https:\/\/deltalivings.com\/","name":"Delta Livings","description":"Deltalivings offers an exclusive gateway to investment opportunities in Budapest, a city hailed as the emerging cultural and historical gem of Europe.","publisher":{"@id":"https:\/\/deltalivings.com\/#organization"},"potentialAction":[{"@type":"SearchAction","target":{"@type":"EntryPoint","urlTemplate":"https:\/\/deltalivings.com\/?s={search_term_string}"},"query-input":{"@type":"PropertyValueSpecification","valueRequired":true,"valueName":"search_term_string"}}],"inLanguage":"hu-HU"},{"@type":"Organization","@id":"https:\/\/deltalivings.com\/#organization","name":"Delta Livings","url":"https:\/\/deltalivings.com\/","logo":{"@type":"ImageObject","inLanguage":"hu-HU","@id":"https:\/\/deltalivings.com\/#\/schema\/logo\/image\/","url":"https:\/\/deltalivings.com\/wp-content\/uploads\/2026\/02\/deltalivings-logo-white.png","contentUrl":"https:\/\/deltalivings.com\/wp-content\/uploads\/2026\/02\/deltalivings-logo-white.png","width":1015,"height":250,"caption":"Delta Livings"},"image":{"@id":"https:\/\/deltalivings.com\/#\/schema\/logo\/image\/"}}]}},"_links":{"self":[{"href":"https:\/\/deltalivings.com\/hu\/wp-json\/wp\/v2\/pages\/2","targetHints":{"allow":["GET"]}}],"collection":[{"href":"https:\/\/deltalivings.com\/hu\/wp-json\/wp\/v2\/pages"}],"about":[{"href":"https:\/\/deltalivings.com\/hu\/wp-json\/wp\/v2\/types\/page"}],"author":[{"embeddable":true,"href":"https:\/\/deltalivings.com\/hu\/wp-json\/wp\/v2\/users\/1"}],"replies":[{"embeddable":true,"href":"https:\/\/deltalivings.com\/hu\/wp-json\/wp\/v2\/comments?post=2"}],"version-history":[{"count":24,"href":"https:\/\/deltalivings.com\/hu\/wp-json\/wp\/v2\/pages\/2\/revisions"}],"predecessor-version":[{"id":190,"href":"https:\/\/deltalivings.com\/hu\/wp-json\/wp\/v2\/pages\/2\/revisions\/190"}],"wp:featuredmedia":[{"embeddable":true,"href":"https:\/\/deltalivings.com\/hu\/wp-json\/wp\/v2\/media\/53"}],"wp:attachment":[{"href":"https:\/\/deltalivings.com\/hu\/wp-json\/wp\/v2\/media?parent=2"}],"curies":[{"name":"wp","href":"https:\/\/api.w.org\/{rel}","templated":true}]}}